{"id":1192,"date":"2022-10-25T15:36:06","date_gmt":"2022-10-25T13:36:06","guid":{"rendered":"https:\/\/www.weill-bernheim.com\/mentions-legales\/"},"modified":"2022-12-28T23:03:58","modified_gmt":"2022-12-28T22:03:58","slug":"mentions-legales","status":"publish","type":"page","link":"https:\/\/www.weill-bernheim.com\/fr\/mentions-legales\/","title":{"rendered":"Mentions L\u00e9gales"},"content":{"rendered":"<p>[et_pb_section fb_built=\u00a0\u00bb1&Prime; _builder_version=\u00a0\u00bb4.19.2&Prime; _module_preset=\u00a0\u00bbdefault\u00a0\u00bb custom_padding=\u00a0\u00bb37px||26px||false|false\u00a0\u00bb global_colors_info=\u00a0\u00bb{}\u00a0\u00bb][et_pb_row _builder_version=\u00a0\u00bb4.19.2&Prime; _module_preset=\u00a0\u00bbdefault\u00a0\u00bb custom_padding=\u00a0\u00bb4px||||false|false\u00a0\u00bb global_colors_info=\u00a0\u00bb{}\u00a0\u00bb][et_pb_column type=\u00a0\u00bb4_4&Prime; _builder_version=\u00a0\u00bb4.18.0&Prime; _module_preset=\u00a0\u00bbdefault\u00a0\u00bb global_colors_info=\u00a0\u00bb{}\u00a0\u00bb][et_pb_text _builder_version=\u00a0\u00bb4.18.0&Prime; _module_preset=\u00a0\u00bbdefault\u00a0\u00bb global_colors_info=\u00a0\u00bb{}\u00a0\u00bb]<\/p>\n<h1><b>Mentions L\u00e9gales<\/b><\/h1>\n<p>[\/et_pb_text][\/et_pb_column][\/et_pb_row][et_pb_row _builder_version=\u00a0\u00bb4.18.0&Prime; _module_preset=\u00a0\u00bbdefault\u00a0\u00bb global_colors_info=\u00a0\u00bb{}\u00a0\u00bb][et_pb_column type=\u00a0\u00bb4_4&Prime; _builder_version=\u00a0\u00bb4.18.0&Prime; _module_preset=\u00a0\u00bbdefault\u00a0\u00bb global_colors_info=\u00a0\u00bb{}\u00a0\u00bb][et_pb_text _builder_version=\u00a0\u00bb4.18.0&Prime; _module_preset=\u00a0\u00bbdefault\u00a0\u00bb global_colors_info=\u00a0\u00bb{}\u00a0\u00bb]<\/p>\n<h2><b>Droit applicable<\/b><\/h2>\n<p>[\/et_pb_text][\/et_pb_column][\/et_pb_row][et_pb_row _builder_version=\u00a0\u00bb4.18.0&Prime; _module_preset=\u00a0\u00bbdefault\u00a0\u00bb custom_margin=\u00a0\u00bb0px||0px||false|false\u00a0\u00bb custom_padding=\u00a0\u00bb0px||0px||false|false\u00a0\u00bb global_colors_info=\u00a0\u00bb{}\u00a0\u00bb][et_pb_column type=\u00a0\u00bb4_4&Prime; _builder_version=\u00a0\u00bb4.18.0&Prime; _module_preset=\u00a0\u00bbdefault\u00a0\u00bb global_colors_info=\u00a0\u00bb{}\u00a0\u00bb][et_pb_text _builder_version=\u00a0\u00bb4.18.0&Prime; _module_preset=\u00a0\u00bbdefault\u00a0\u00bb global_colors_info=\u00a0\u00bb{}\u00a0\u00bb]<\/p>\n<p><span style=\"font-weight: 400;\">Le Site et les pr\u00e9sentes mentions l\u00e9gales sont soumis au droit fran\u00e7ais.<\/span><\/p>\n<p>[\/et_pb_text][\/et_pb_column][\/et_pb_row][et_pb_row _builder_version=\u00a0\u00bb4.18.0&Prime; _module_preset=\u00a0\u00bbdefault\u00a0\u00bb global_colors_info=\u00a0\u00bb{}\u00a0\u00bb][et_pb_column type=\u00a0\u00bb4_4&Prime; _builder_version=\u00a0\u00bb4.18.0&Prime; _module_preset=\u00a0\u00bbdefault\u00a0\u00bb global_colors_info=\u00a0\u00bb{}\u00a0\u00bb][et_pb_text _builder_version=\u00a0\u00bb4.18.0&Prime; _module_preset=\u00a0\u00bbdefault\u00a0\u00bb global_colors_info=\u00a0\u00bb{}\u00a0\u00bb]<\/p>\n<h2><b>Droits de propri\u00e9t\u00e9 intellectuelle<\/b><\/h2>\n<p>[\/et_pb_text][\/et_pb_column][\/et_pb_row][et_pb_row _builder_version=\u00a0\u00bb4.18.0&Prime; _module_preset=\u00a0\u00bbdefault\u00a0\u00bb custom_padding=\u00a0\u00bb0px||0px||false|false\u00a0\u00bb global_colors_info=\u00a0\u00bb{}\u00a0\u00bb][et_pb_column type=\u00a0\u00bb4_4&Prime; _builder_version=\u00a0\u00bb4.18.0&Prime; _module_preset=\u00a0\u00bbdefault\u00a0\u00bb global_colors_info=\u00a0\u00bb{}\u00a0\u00bb][et_pb_text _builder_version=\u00a0\u00bb4.18.0&Prime; _module_preset=\u00a0\u00bbdefault\u00a0\u00bb global_colors_info=\u00a0\u00bb{}\u00a0\u00bb]<\/p>\n<p><span style=\"font-weight: 400;\">Le Site est une \u0153uvre de l\u2019esprit prot\u00e9g\u00e9e par le droit de la propri\u00e9t\u00e9 intellectuelle. Le Site et chacun des \u00e9l\u00e9ments qui le composent (tels que marques, logos, photographies, images, illustrations, textes, clips vid\u00e9o\u2026) sont la propri\u00e9t\u00e9 exclusive de WEILL-BERNHEIM, seule habilit\u00e9e \u00e0 utiliser les droits de propri\u00e9t\u00e9 intellectuelle et droits de la personnalit\u00e9 y aff\u00e9rant, celle-ci ne conc\u00e9dant aucune licence, ni aucun autre droit que celui de consulter le site. <\/span><\/p>\n<p><span style=\"font-weight: 400;\">La reproduction de tous documents publi\u00e9s sur le site est seulement autoris\u00e9e aux fins exclusives d\u2019information pour un usage strictement personnel et priv\u00e9. Toute reproduction ou repr\u00e9sentation, int\u00e9grale ou partielle, du site, ou de l\u2019un quelconque des \u00e9l\u00e9ments qui le composent, sur quelque support que ce soit, et sous quelque forme que ce soit, \u00e0 d\u2019autres fins, et notamment commerciales, est express\u00e9ment interdite.<\/span><\/p>\n<p><span style=\"font-weight: 400;\">Toute demande d\u2019autorisation doit \u00eatre adress\u00e9e \u00e0 partir de la page de contact. Toute utilisation non autoris\u00e9e constitue une contrefa\u00e7on sanctionn\u00e9e p\u00e9nalement.<\/span><\/p>\n<p>[\/et_pb_text][\/et_pb_column][\/et_pb_row][et_pb_row _builder_version=\u00a0\u00bb4.18.0&Prime; _module_preset=\u00a0\u00bbdefault\u00a0\u00bb global_colors_info=\u00a0\u00bb{}\u00a0\u00bb][et_pb_column type=\u00a0\u00bb4_4&Prime; _builder_version=\u00a0\u00bb4.18.0&Prime; _module_preset=\u00a0\u00bbdefault\u00a0\u00bb global_colors_info=\u00a0\u00bb{}\u00a0\u00bb][et_pb_text _builder_version=\u00a0\u00bb4.18.0&Prime; _module_preset=\u00a0\u00bbdefault\u00a0\u00bb global_colors_info=\u00a0\u00bb{}\u00a0\u00bb]<\/p>\n<h2><b>Utilisation du site<\/b><\/h2>\n<p>[\/et_pb_text][\/et_pb_column][\/et_pb_row][et_pb_row _builder_version=\u00a0\u00bb4.18.0&Prime; _module_preset=\u00a0\u00bbdefault\u00a0\u00bb custom_padding=\u00a0\u00bb0px||0px||false|false\u00a0\u00bb global_colors_info=\u00a0\u00bb{}\u00a0\u00bb][et_pb_column type=\u00a0\u00bb4_4&Prime; _builder_version=\u00a0\u00bb4.18.0&Prime; _module_preset=\u00a0\u00bbdefault\u00a0\u00bb global_colors_info=\u00a0\u00bb{}\u00a0\u00bb][et_pb_text _builder_version=\u00a0\u00bb4.18.0&Prime; _module_preset=\u00a0\u00bbdefault\u00a0\u00bb global_colors_info=\u00a0\u00bb{}\u00a0\u00bb]<\/p>\n<p><span style=\"font-weight: 400;\">WEILL-BERNHEIM s\u2019efforce de mettre \u00e0 jour le contenu du Site et de d\u00e9livrer aux Utilisateurs des informations exactes. Toutefois, WEILL-BERNHEIM ne peut garantir l\u2019exactitude, la pr\u00e9cision ou l\u2019exhaustivit\u00e9 des donn\u00e9es figurant sur le Site. WEILL-BERNHEIM d\u00e9cline toute responsabilit\u00e9 pour toute inexactitude ou omission portant sur des donn\u00e9es disponibles sur le Site ainsi que pour tous dommages r\u00e9sultant d\u2019une intrusion frauduleuse d\u2019un tiers ayant entra\u00een\u00e9 une modification desdites donn\u00e9es. Toute erreur ou omission devra \u00eatre notifi\u00e9e \u00e0 WEILL-BERNHEIM \u00e0 partir de la page de <a href=\"https:\/\/www.weill-bernheim.com\/fr\/contact\/\"><span style=\"text-decoration: underline;\"><strong>contact<\/strong><\/span><\/a>.<\/span><\/p>\n<p>[\/et_pb_text][\/et_pb_column][\/et_pb_row][et_pb_row _builder_version=\u00a0\u00bb4.18.0&Prime; _module_preset=\u00a0\u00bbdefault\u00a0\u00bb global_colors_info=\u00a0\u00bb{}\u00a0\u00bb][et_pb_column type=\u00a0\u00bb4_4&Prime; _builder_version=\u00a0\u00bb4.18.0&Prime; _module_preset=\u00a0\u00bbdefault\u00a0\u00bb global_colors_info=\u00a0\u00bb{}\u00a0\u00bb][et_pb_text _builder_version=\u00a0\u00bb4.18.0&Prime; _module_preset=\u00a0\u00bbdefault\u00a0\u00bb global_colors_info=\u00a0\u00bb{}\u00a0\u00bb]<\/p>\n<h2><b>Acc\u00e8s au Site<\/b><\/h2>\n<p>[\/et_pb_text][\/et_pb_column][\/et_pb_row][et_pb_row _builder_version=\u00a0\u00bb4.18.0&Prime; _module_preset=\u00a0\u00bbdefault\u00a0\u00bb custom_padding=\u00a0\u00bb0px||0px||false|false\u00a0\u00bb global_colors_info=\u00a0\u00bb{}\u00a0\u00bb][et_pb_column type=\u00a0\u00bb4_4&Prime; _builder_version=\u00a0\u00bb4.18.0&Prime; _module_preset=\u00a0\u00bbdefault\u00a0\u00bb global_colors_info=\u00a0\u00bb{}\u00a0\u00bb][et_pb_text _builder_version=\u00a0\u00bb4.18.0&Prime; _module_preset=\u00a0\u00bbdefault\u00a0\u00bb global_colors_info=\u00a0\u00bb{}\u00a0\u00bb]<\/p>\n<p><span style=\"font-weight: 400;\">WEILL-BERNHEIM s\u2019efforce de maintenir accessible le Site, sans pour autant \u00eatre tenue \u00e0 aucune obligation d\u2019y parvenir. Il est pr\u00e9cis\u00e9 qu\u2019\u00e0 des fins de maintenance, de mise \u00e0 jour, et pour toute autre raison notamment d\u2019ordre technique, l\u2019acc\u00e8s au Site pourra \u00eatre interrompu. WEILL-BERNHEIM n&rsquo;est en aucun cas responsable de ces interruptions et des cons\u00e9quences qui peuvent en d\u00e9couler pour l\u2019Utilisateur.<\/span><\/p>\n<p>[\/et_pb_text][et_pb_text _builder_version=\u00a0\u00bb4.18.0&Prime; _module_preset=\u00a0\u00bbdefault\u00a0\u00bb global_colors_info=\u00a0\u00bb{}\u00a0\u00bb]<\/p>\n<h2><b>Donn\u00e9es nominatives<\/b><\/h2>\n<p>[\/et_pb_text][et_pb_text _builder_version=\u00a0\u00bb4.18.0&Prime; _module_preset=\u00a0\u00bbdefault\u00a0\u00bb global_colors_info=\u00a0\u00bb{}\u00a0\u00bb]<\/p>\n<p><span style=\"font-weight: 400;\">WEILL-BERNHEIM pourra \u00eatre amen\u00e9 \u00e0 collecter des donn\u00e9es personnelles concernant l\u2019Utilisateur (newsletter, contact, inscriptions,\u2026). Conform\u00e9ment aux dispositions de la loi n\u00b0 78-17 du 6 janvier 1978 relative \u00e0 l\u2019informatique, aux fichiers et aux libert\u00e9s, l\u2019Utilisateur est inform\u00e9 qu\u2019il dispose d\u2019un droit d\u2019acc\u00e8s, de rectification et de suppression des donn\u00e9es personnelles le concernant. Pour exercer ce droit, l\u2019Utilisateur doit adresser une demande \u00e9crite \u00e0 partir de la page de <span style=\"text-decoration: underline;\"><strong><a href=\"https:\/\/www.weill-bernheim.com\/fr\/contact\/\">contact <\/a><\/strong><\/span>.<\/span><\/p>\n<p><span style=\"font-weight: 400;\">Enfin, sauf opposition de la part de l\u2019Utilisateur, WEILL-BERNHEIM pourra \u00eatre amen\u00e9e \u00e0 transf\u00e9rer des donn\u00e9es le concernant \u00e0 ses partenaires.<\/span><\/p>\n<p><span style=\"font-weight: 400;\"> <\/span><\/p>\n<p>[\/et_pb_text][et_pb_text _builder_version=\u00a0\u00bb4.18.0&Prime; _module_preset=\u00a0\u00bbdefault\u00a0\u00bb global_colors_info=\u00a0\u00bb{}\u00a0\u00bb]<\/p>\n<h2><b>Cookies<\/b><\/h2>\n<p>[\/et_pb_text][et_pb_text _builder_version=\u00a0\u00bb4.18.0&Prime; _module_preset=\u00a0\u00bbdefault\u00a0\u00bb global_colors_info=\u00a0\u00bb{}\u00a0\u00bb]<\/p>\n<p><span style=\"font-weight: 400;\">Les ordinateurs se connectant au pr\u00e9sent site stockent sur leur disque dur un ou plusieurs fichiers au format texte d\u00e9nomm\u00e9s \u00ab\u00a0Cookies \u00a0\u00bb qui enregistrent des informations relatives \u00e0 la navigation sur le site effectu\u00e9e \u00e0 partir de l&rsquo;ordinateur sur lequel est stock\u00e9 le \u00ab\u00a0cookie\u00a0\u00bb (type de navigateur, les pages consult\u00e9es, la date et l&rsquo;heure de la consultation, &#8230;). WEILL-BERNHEIM utilise ces \u00ab\u00a0Cookies\u00a0\u00bb \u00e0 des fins statistiques, en vue d&rsquo;am\u00e9liorer l&rsquo;ergonomie du site, de mieux suivre les centres d&rsquo;int\u00e9r\u00eats des internautes. L&rsquo;internaute connect\u00e9 au site a la libert\u00e9 de s&rsquo;opposer \u00e0 l&rsquo;enregistrement de \u00ab\u00a0cookies\u00a0\u00bb en utilisant les fonctionnalit\u00e9s correspondantes sur son navigateur. Dans ce cas, il se peut qu&rsquo;il ne puisse b\u00e9n\u00e9ficier de la totalit\u00e9 des fonctions et des services propos\u00e9s sur le pr\u00e9sent site.<\/span><\/p>\n<p>[\/et_pb_text][et_pb_text _builder_version=\u00a0\u00bb4.18.0&Prime; _module_preset=\u00a0\u00bbdefault\u00a0\u00bb global_colors_info=\u00a0\u00bb{}\u00a0\u00bb]<\/p>\n<h2><b>Liens hypertextes<\/b><\/h2>\n<p>[\/et_pb_text][et_pb_text _builder_version=\u00a0\u00bb4.18.0&Prime; _module_preset=\u00a0\u00bbdefault\u00a0\u00bb global_colors_info=\u00a0\u00bb{}\u00a0\u00bb]<\/p>\n<p><span style=\"font-weight: 400;\">Ce site propose des liens hypertextes pointant vers des sites Internet \u00e9dit\u00e9s par des tiers. Ces liens sont \u00e9tablis de bonne foi et WEILL-BERNHEIM ne peut \u00eatre tenue pour responsable de modifications intervenues sur ces sites. Par cons\u00e9quent, ces liens hypertextes ne sauraient, en aucun cas, engager la responsabilit\u00e9 de WEILL-BERNHEIM.<\/span><\/p>\n<p>[\/et_pb_text][et_pb_text _builder_version=\u00a0\u00bb4.18.0&Prime; _module_preset=\u00a0\u00bbdefault\u00a0\u00bb global_colors_info=\u00a0\u00bb{}\u00a0\u00bb]<\/p>\n<h2><b>H\u00e9bergement<\/b><\/h2>\n<p>[\/et_pb_text][et_pb_text _builder_version=\u00a0\u00bb4.18.0&Prime; _module_preset=\u00a0\u00bbdefault\u00a0\u00bb global_colors_info=\u00a0\u00bb{}\u00a0\u00bb]<\/p>\n<p><span style=\"font-weight: 400;\">OVH SAS<br \/><\/span><span style=\"font-weight: 400;\">2 rue Kellermann<br \/><\/span><span style=\"font-weight: 400;\">BP 80157<br \/><\/span><span style=\"font-weight: 400;\">59053 ROUBAIX CEDEX 1<\/span><\/p>\n<p>[\/et_pb_text][\/et_pb_column][\/et_pb_row][\/et_pb_section]<\/p>\n","protected":false},"excerpt":{"rendered":"<p>Mentions L\u00e9galesDroit applicableLe Site et les pr\u00e9sentes mentions l\u00e9gales sont soumis au droit fran\u00e7ais.Droits de propri\u00e9t\u00e9 intellectuelleLe Site est une \u0153uvre de l\u2019esprit prot\u00e9g\u00e9e par le droit de la propri\u00e9t\u00e9 intellectuelle. Le Site et chacun des \u00e9l\u00e9ments qui le composent (tels que marques, logos, photographies, images, illustrations, textes, clips vid\u00e9o\u2026) sont la propri\u00e9t\u00e9 exclusive de [&hellip;]<\/p>\n","protected":false},"author":2,"featured_media":0,"parent":0,"menu_order":8,"comment_status":"closed","ping_status":"closed","template":"","meta":{"_acf_changed":false,"_et_pb_use_builder":"on","_et_pb_old_content":"","_et_gb_content_width":"","inline_featured_image":false,"footnotes":""},"class_list":["post-1192","page","type-page","status-publish","hentry"],"acf":[],"yoast_head":"<!-- This site is optimized with the Yoast SEO plugin v23.9 - https:\/\/yoast.com\/wordpress\/plugins\/seo\/ -->\n<title>Mentions L\u00e9gales - Weill-Bernheim<\/title>\n<meta name=\"robots\" content=\"index, follow, max-snippet:-1, max-image-preview:large, max-video-preview:-1\" \/>\n<link rel=\"canonical\" href=\"https:\/\/www.weill-bernheim.com\/fr\/mentions-legales\/\" \/>\n<meta property=\"og:locale\" content=\"fr_FR\" \/>\n<meta property=\"og:type\" content=\"article\" \/>\n<meta property=\"og:title\" content=\"Mentions L\u00e9gales - Weill-Bernheim\" \/>\n<meta property=\"og:description\" content=\"Mentions L\u00e9galesDroit applicableLe Site et les pr\u00e9sentes mentions l\u00e9gales sont soumis au droit fran\u00e7ais.Droits de propri\u00e9t\u00e9 intellectuelleLe Site est une \u0153uvre de l\u2019esprit prot\u00e9g\u00e9e par le droit de la propri\u00e9t\u00e9 intellectuelle. Le Site et chacun des \u00e9l\u00e9ments qui le composent (tels que marques, logos, photographies, images, illustrations, textes, clips vid\u00e9o\u2026) sont la propri\u00e9t\u00e9 exclusive de [&hellip;]\" \/>\n<meta property=\"og:url\" content=\"https:\/\/www.weill-bernheim.com\/fr\/mentions-legales\/\" \/>\n<meta property=\"og:site_name\" content=\"Weill-Bernheim\" \/>\n<meta property=\"article:modified_time\" content=\"2022-12-28T22:03:58+00:00\" \/>\n<meta name=\"twitter:card\" content=\"summary_large_image\" \/>\n<meta name=\"twitter:label1\" content=\"Dur\u00e9e de lecture estim\u00e9e\" \/>\n\t<meta name=\"twitter:data1\" content=\"6 minutes\" \/>\n<script type=\"application\/ld+json\" class=\"yoast-schema-graph\">{\"@context\":\"https:\/\/schema.org\",\"@graph\":[{\"@type\":\"WebPage\",\"@id\":\"https:\/\/www.weill-bernheim.com\/fr\/mentions-legales\/\",\"url\":\"https:\/\/www.weill-bernheim.com\/fr\/mentions-legales\/\",\"name\":\"Mentions L\u00e9gales - Weill-Bernheim\",\"isPartOf\":{\"@id\":\"https:\/\/www.weill-bernheim.com\/#website\"},\"datePublished\":\"2022-10-25T13:36:06+00:00\",\"dateModified\":\"2022-12-28T22:03:58+00:00\",\"breadcrumb\":{\"@id\":\"https:\/\/www.weill-bernheim.com\/fr\/mentions-legales\/#breadcrumb\"},\"inLanguage\":\"fr-FR\",\"potentialAction\":[{\"@type\":\"ReadAction\",\"target\":[\"https:\/\/www.weill-bernheim.com\/fr\/mentions-legales\/\"]}]},{\"@type\":\"BreadcrumbList\",\"@id\":\"https:\/\/www.weill-bernheim.com\/fr\/mentions-legales\/#breadcrumb\",\"itemListElement\":[{\"@type\":\"ListItem\",\"position\":1,\"name\":\"Accueil\",\"item\":\"https:\/\/www.weill-bernheim.com\/fr\/weill-bernheim\/\"},{\"@type\":\"ListItem\",\"position\":2,\"name\":\"Mentions L\u00e9gales\"}]},{\"@type\":\"WebSite\",\"@id\":\"https:\/\/www.weill-bernheim.com\/#website\",\"url\":\"https:\/\/www.weill-bernheim.com\/\",\"name\":\"Weill-Bernheim\",\"description\":\"Paris - Art - Antiques - Silverware - A passion for unique art and antique items and for meticulous craftsmanship\",\"potentialAction\":[{\"@type\":\"SearchAction\",\"target\":{\"@type\":\"EntryPoint\",\"urlTemplate\":\"https:\/\/www.weill-bernheim.com\/?s={search_term_string}\"},\"query-input\":{\"@type\":\"PropertyValueSpecification\",\"valueRequired\":true,\"valueName\":\"search_term_string\"}}],\"inLanguage\":\"fr-FR\"}]}<\/script>\n<!-- \/ Yoast SEO plugin. -->","yoast_head_json":{"title":"Mentions L\u00e9gales - Weill-Bernheim","robots":{"index":"index","follow":"follow","max-snippet":"max-snippet:-1","max-image-preview":"max-image-preview:large","max-video-preview":"max-video-preview:-1"},"canonical":"https:\/\/www.weill-bernheim.com\/fr\/mentions-legales\/","og_locale":"fr_FR","og_type":"article","og_title":"Mentions L\u00e9gales - Weill-Bernheim","og_description":"Mentions L\u00e9galesDroit applicableLe Site et les pr\u00e9sentes mentions l\u00e9gales sont soumis au droit fran\u00e7ais.Droits de propri\u00e9t\u00e9 intellectuelleLe Site est une \u0153uvre de l\u2019esprit prot\u00e9g\u00e9e par le droit de la propri\u00e9t\u00e9 intellectuelle. Le Site et chacun des \u00e9l\u00e9ments qui le composent (tels que marques, logos, photographies, images, illustrations, textes, clips vid\u00e9o\u2026) sont la propri\u00e9t\u00e9 exclusive de [&hellip;]","og_url":"https:\/\/www.weill-bernheim.com\/fr\/mentions-legales\/","og_site_name":"Weill-Bernheim","article_modified_time":"2022-12-28T22:03:58+00:00","twitter_card":"summary_large_image","twitter_misc":{"Dur\u00e9e de lecture estim\u00e9e":"6 minutes"},"schema":{"@context":"https:\/\/schema.org","@graph":[{"@type":"WebPage","@id":"https:\/\/www.weill-bernheim.com\/fr\/mentions-legales\/","url":"https:\/\/www.weill-bernheim.com\/fr\/mentions-legales\/","name":"Mentions L\u00e9gales - Weill-Bernheim","isPartOf":{"@id":"https:\/\/www.weill-bernheim.com\/#website"},"datePublished":"2022-10-25T13:36:06+00:00","dateModified":"2022-12-28T22:03:58+00:00","breadcrumb":{"@id":"https:\/\/www.weill-bernheim.com\/fr\/mentions-legales\/#breadcrumb"},"inLanguage":"fr-FR","potentialAction":[{"@type":"ReadAction","target":["https:\/\/www.weill-bernheim.com\/fr\/mentions-legales\/"]}]},{"@type":"BreadcrumbList","@id":"https:\/\/www.weill-bernheim.com\/fr\/mentions-legales\/#breadcrumb","itemListElement":[{"@type":"ListItem","position":1,"name":"Accueil","item":"https:\/\/www.weill-bernheim.com\/fr\/weill-bernheim\/"},{"@type":"ListItem","position":2,"name":"Mentions L\u00e9gales"}]},{"@type":"WebSite","@id":"https:\/\/www.weill-bernheim.com\/#website","url":"https:\/\/www.weill-bernheim.com\/","name":"Weill-Bernheim","description":"Paris - Art - Antiques - Silverware - A passion for unique art and antique items and for meticulous craftsmanship","potentialAction":[{"@type":"SearchAction","target":{"@type":"EntryPoint","urlTemplate":"https:\/\/www.weill-bernheim.com\/?s={search_term_string}"},"query-input":{"@type":"PropertyValueSpecification","valueRequired":true,"valueName":"search_term_string"}}],"inLanguage":"fr-FR"}]}},"_links":{"self":[{"href":"https:\/\/www.weill-bernheim.com\/fr\/wp-json\/wp\/v2\/pages\/1192","targetHints":{"allow":["GET"]}}],"collection":[{"href":"https:\/\/www.weill-bernheim.com\/fr\/wp-json\/wp\/v2\/pages"}],"about":[{"href":"https:\/\/www.weill-bernheim.com\/fr\/wp-json\/wp\/v2\/types\/page"}],"author":[{"embeddable":true,"href":"https:\/\/www.weill-bernheim.com\/fr\/wp-json\/wp\/v2\/users\/2"}],"replies":[{"embeddable":true,"href":"https:\/\/www.weill-bernheim.com\/fr\/wp-json\/wp\/v2\/comments?post=1192"}],"version-history":[{"count":3,"href":"https:\/\/www.weill-bernheim.com\/fr\/wp-json\/wp\/v2\/pages\/1192\/revisions"}],"predecessor-version":[{"id":2164,"href":"https:\/\/www.weill-bernheim.com\/fr\/wp-json\/wp\/v2\/pages\/1192\/revisions\/2164"}],"wp:attachment":[{"href":"https:\/\/www.weill-bernheim.com\/fr\/wp-json\/wp\/v2\/media?parent=1192"}],"curies":[{"name":"wp","href":"https:\/\/api.w.org\/{rel}","templated":true}]}}